{"id":11502,"date":"2019-03-21T15:20:48","date_gmt":"2019-03-21T20:20:48","guid":{"rendered":"https:\/\/santoangellalibertad.edu.co\/web\/?page_id=11502"},"modified":"2020-03-17T19:33:35","modified_gmt":"2020-03-18T00:33:35","slug":"nuestro-colegio","status":"publish","type":"page","link":"https:\/\/santoangellalibertad.edu.co\/web\/nuestro-colegio\/","title":{"rendered":"Nuestro Colegio"},"content":{"rendered":"<div class=\"wpb-content-wrapper\"><p>[vc_row][vc_column]<div class=\"thim-widget-heading template-base\"><div class=\"sc_heading  text-center\"><h3 style=\"font-size:35px;font-weight:600;\" class=\"title\"><strong>Informaci\u00f3n Institucional<\/strong><\/h3><\/div><\/div>[\/vc_column][\/vc_row][vc_row css=\u00bb.vc_custom_1559531433775{margin-bottom: 15px !important;}\u00bb][vc_column width=\u00bb5\/12&#8243; css=\u00bb.vc_custom_1553219212365{margin-bottom: 30px !important;}\u00bb][vc_column_text]<\/p>\n<h3 class=\"thim-text-title\" style=\"text-align: center;\">Misi\u00f3n<\/h3>\n<p class=\"p1\" style=\"text-align: center;\">El centro educativo Santo \u00e1ngel La Libertad tiene la misi\u00f3n de formar ni\u00f1os y j\u00f3venes que desarrollen habilidades y competencias que garantice su crecimiento personal, brindando a la comunidad un servicio de educaci\u00f3n de calidad, formando al estudiante en valores \u00e9ticos y morales, innovador y competitivo, con un criterio claro sobre la vida, con educadores lideres y abiertos al desarrollo y cambio de la sociedad.<\/p>\n<p>[\/vc_column_text][\/vc_column][vc_column width=\u00bb7\/12&#8243; css=\u00bb.vc_custom_1553219224890{margin-bottom: 30px !important;}\u00bb][vc_column_text]<\/p>\n<h3 class=\"thim-text-title\" style=\"text-align: center;\">Visi\u00f3n<\/h3>\n<p class=\"p1\" style=\"text-align: center;\">Ofrecer un servicio educativo y de calidad, con educadores que sean herramienta y agentes de cambio, identificados con la misi\u00f3n de nuestra instituci\u00f3n. Para lograr la formaci\u00f3n del joven en los pr\u00f3ximos a\u00f1os, que aprecie, ame y respete la vida, que comparta los valores \u00e9ticos y morales, capaz de adaptarse a s\u00ed mismo y a los dem\u00e1s, que pueda tomar decisiones propias, adecuadas y oportunas, fortaleciendo su autoestima y la planificaci\u00f3n de un proyecto integral de vida.<\/p>\n<p>[\/vc_column_text][\/vc_column][\/vc_row][vc_row][vc_column]<div class=\"thim-widget-heading template-base\"><div class=\"sc_heading  text-center\"><h3 class=\"title\"><strong>S\u00cdMBOLOS INSTITUCIONALES<\/strong><\/h3><span class=\"line\"><\/span><\/div><\/div>[\/vc_column][\/vc_row][vc_row][vc_column width=\u00bb1\/3&#8243;][vc_column_text]<\/p>\n<h3 class=\"thim-text-title\" style=\"text-align: center;\">ESCUDO<\/h3>\n<p>[\/vc_column_text][vc_empty_space][vc_single_image image=\u00bb11761&#8243; alignment=\u00bbcenter\u00bb][\/vc_column][vc_column width=\u00bb1\/3&#8243;][\/vc_column][vc_column width=\u00bb1\/3&#8243;][vc_column_text]<\/p>\n<h3 class=\"thim-text-title\" style=\"text-align: center;\">BANDERA<\/h3>\n<p>[\/vc_column_text][vc_empty_space][vc_single_image image=\u00bb11654&#8243; alignment=\u00bbcenter\u00bb][\/vc_column][\/vc_row][vc_row][vc_column width=\u00bb1\/3&#8243;][\/vc_column][vc_column width=\u00bb1\/3&#8243;][vc_column_text]<\/p>\n<h3 class=\"thim-text-title\" style=\"text-align: center;\">IMAGEN REPRESENTATIVA<\/h3>\n<p>[\/vc_column_text][vc_empty_space][vc_single_image image=\u00bb11653&#8243; alignment=\u00bbcenter\u00bb][\/vc_column][vc_column width=\u00bb1\/3&#8243;][\/vc_column][\/vc_row]<\/p>\n<\/div>","protected":false},"excerpt":{"rendered":"<p>[vc_row][vc_column][\/vc_column][\/vc_row][vc_row css=\u00bb.vc_custom_1559531433775{margin-bottom: 15px !important;}\u00bb][vc_column width=\u00bb5\/12&#8243; css=\u00bb.vc_custom_1553219212365{margin-bottom: 30px !important;}\u00bb][vc_column_text] Misi\u00f3n El centro educativo Santo \u00e1ngel La Libertad tiene la misi\u00f3n de formar ni\u00f1os y j\u00f3venes que desarrollen habilidades y competencias que garantice su crecimiento personal, brindando a la comunidad un servicio &hellip; <\/p>\n","protected":false},"author":1,"featured_media":11771,"parent":0,"menu_order":0,"comment_status":"closed","ping_status":"closed","template":"","meta":{"footnotes":""},"class_list":["post-11502","page","type-page","status-publish","has-post-thumbnail","hentry"],"_links":{"self":[{"href":"https:\/\/santoangellalibertad.edu.co\/web\/wp-json\/wp\/v2\/pages\/11502","targetHints":{"allow":["GET"]}}],"collection":[{"href":"https:\/\/santoangellalibertad.edu.co\/web\/wp-json\/wp\/v2\/pages"}],"about":[{"href":"https:\/\/santoangellalibertad.edu.co\/web\/wp-json\/wp\/v2\/types\/page"}],"author":[{"embeddable":true,"href":"https:\/\/santoangellalibertad.edu.co\/web\/wp-json\/wp\/v2\/users\/1"}],"replies":[{"embeddable":true,"href":"https:\/\/santoangellalibertad.edu.co\/web\/wp-json\/wp\/v2\/comments?post=11502"}],"version-history":[{"count":70,"href":"https:\/\/santoangellalibertad.edu.co\/web\/wp-json\/wp\/v2\/pages\/11502\/revisions"}],"predecessor-version":[{"id":11772,"href":"https:\/\/santoangellalibertad.edu.co\/web\/wp-json\/wp\/v2\/pages\/11502\/revisions\/11772"}],"wp:featuredmedia":[{"embeddable":true,"href":"https:\/\/santoangellalibertad.edu.co\/web\/wp-json\/wp\/v2\/media\/11771"}],"wp:attachment":[{"href":"https:\/\/santoangellalibertad.edu.co\/web\/wp-json\/wp\/v2\/media?parent=11502"}],"curies":[{"name":"wp","href":"https:\/\/api.w.org\/{rel}","templated":true}]}}